{"id":25,"date":"2023-01-10T15:27:00","date_gmt":"2023-01-10T15:27:00","guid":{"rendered":"https:\/\/demo.bravisthemes.com\/soluris\/?page_id=25"},"modified":"2023-01-10T15:27:00","modified_gmt":"2023-01-10T15:27:00","slug":"news-grid","status":"publish","type":"page","link":"https:\/\/www.sunnygrowsolar.com\/fr\/news-grid\/","title":{"rendered":"News Grid"},"content":{"rendered":"<div data-elementor-type=\"wp-page\" data-elementor-id=\"25\" class=\"elementor elementor-25\" data-elementor-post-type=\"page\">\n\t\t\t\t        <section class=\"elementor-section elementor-top-section elementor-element elementor-element-82b7405 elementor-section-boxed elementor-section-height-default elementor-section-height-default pxl-type-header-none pxl-bg-color-none pxl-row-scroll-none\" data-id=\"82b7405\" data-element_type=\"section\" data-e-type=\"section\">\n\n                \n                <div class=\"elementor-container elementor-column-gap-default\">\n                <div class=\"elementor-column elementor-col-100 elementor-top-column elementor-element elementor-element-7de41ca pxl_section_offset-none pxl-container-width-container-1200 pxl-col-none pxl-column-none\" data-id=\"7de41ca\" data-element_type=\"column\" data-e-type=\"column\">\r\n        <div class=\"elementor-widget-wrap elementor-element-populated\">\r\n                     \r\n        \t\t<div class=\"elementor-element elementor-element-7604850 pxl-post-layout-post-1 elementor-widget elementor-widget-pxl_post_grid\" data-id=\"7604850\" data-element_type=\"widget\" data-e-type=\"widget\" data-widget_type=\"pxl_post_grid.default\">\n\t\t\t\t<div class=\"elementor-widget-container\">\n\t\t\t\t\t\n<div id=\"pxl_post_grid-7604850-2922\" class=\"pxl-grid pxl-blog-grid pxl-blog-grid-layout1 <br \/><b>Warning<\/b>:  Undefined array key\"style_post_l1\" in <b>\/www\/wwwroot\/wz\/wordpress\/wp-content\/themes\/soluris\/elements\/templates\/pxl_post_grid\/layout-post-1.php<\/b> on line <b>87<\/b><br \/>\n\" data-layout=\"masonry\" data-start-page=\"1\" data-max-pages=\"1\" data-total=\"6\" data-perpage=\"6\" data-next-link=\"\">\n    \n    <div class=\"pxl-grid-inner pxl-grid-masonry row\" data-gutter=\"15\">\n        \n                    <div class=\"pxl-grid-item col-xl-4 col-lg-4 col-md-6 col-sm-6 col-12\">\n                <div class=\"pxl-item--inner\" data-wow-duration=\"1.2s\">\n                                        <div class=\"pxl-item--image hover-imge-effect2\">\n                        <div class=\"wrap-feature\">\n                            <a href=\"https:\/\/www.sunnygrowsolar.com\/fr\/winds-of-change-in-the-turbine-service-industry\/\"><img decoding=\"async\" class=\"no-lazyload\" src=\"https:\/\/www.sunnygrowsolar.com\/wp-content\/uploads\/2023\/01\/post6-scaled.jpg\" width=\"0\" height=\"0\" alt=\"post6\" title=\"post6\" \/><\/a>\n                                                            <div class=\"pxl-item--date\">\n                                    <div class=\"day\">10<\/div>\n                                    <div class=\"month\">Jan<\/div>\n                                <\/div>\n                                                    <\/div>\n\n                    <\/div>\n                \n                <div class=\"entry-body\">\n                    <div class=\"pxl-item--holder\">\n                        <div class=\"wrap-meta pxl-inline-flex\">\n                                                            <div class=\"pxl-item--author\">\n                                    <a class=\"pxl-inline-flex\" href=\"https:\/\/www.sunnygrowsolar.com\/fr\/author\/736901853qq-com\/\">\n                                        <i class=\"fas fa-user\"><\/i>\n                                        par                                        <span>736901853@qq.com<\/span>\n                                    <\/a>\n                                <\/div>\n                                                                                        <div class=\"item-comment\">\n                                    <a href=\"#comments\">Comment (1) <\/a>\n                                <\/div>\n                                                    <\/div>\n\n                        <h3 class=\"pxl-item--title\">\n                            <a href=\"https:\/\/www.sunnygrowsolar.com\/fr\/winds-of-change-in-the-turbine-service-industry\/\">Un vent de Changement dans la Turbine Service de l'Industrie<\/a>\n                        <\/h3>\n                    <\/div>\n                <\/div>\n            <\/div>\n        <\/div>\n                    <div class=\"pxl-grid-item col-xl-4 col-lg-4 col-md-6 col-sm-6 col-12\">\n                <div class=\"pxl-item--inner\" data-wow-duration=\"1.2s\">\n                                        <div class=\"pxl-item--image hover-imge-effect2\">\n                        <div class=\"wrap-feature\">\n                            <a href=\"https:\/\/www.sunnygrowsolar.com\/fr\/powering-asia-pacifics-energy-transition\/\"><img decoding=\"async\" class=\"no-lazyload\" src=\"https:\/\/www.sunnygrowsolar.com\/wp-content\/uploads\/2023\/01\/post5-scaled.jpg\" width=\"0\" height=\"0\" alt=\"post5\" title=\"post5\" \/><\/a>\n                                                            <div class=\"pxl-item--date\">\n                                    <div class=\"day\">10<\/div>\n                                    <div class=\"month\">Jan<\/div>\n                                <\/div>\n                                                    <\/div>\n\n                    <\/div>\n                \n                <div class=\"entry-body\">\n                    <div class=\"pxl-item--holder\">\n                        <div class=\"wrap-meta pxl-inline-flex\">\n                                                            <div class=\"pxl-item--author\">\n                                    <a class=\"pxl-inline-flex\" href=\"https:\/\/www.sunnygrowsolar.com\/fr\/author\/736901853qq-com\/\">\n                                        <i class=\"fas fa-user\"><\/i>\n                                        par                                        <span>736901853@qq.com<\/span>\n                                    <\/a>\n                                <\/div>\n                                                                                        <div class=\"item-comment\">\n                                    <a href=\"#comments\">Comment (1) <\/a>\n                                <\/div>\n                                                    <\/div>\n\n                        <h3 class=\"pxl-item--title\">\n                            <a href=\"https:\/\/www.sunnygrowsolar.com\/fr\/powering-asia-pacifics-energy-transition\/\">Mise sous tension de l'Asie-Pacifique de la Transition \u00c9nerg\u00e9tique<\/a>\n                        <\/h3>\n                    <\/div>\n                <\/div>\n            <\/div>\n        <\/div>\n                    <div class=\"pxl-grid-item col-xl-4 col-lg-4 col-md-6 col-sm-6 col-12\">\n                <div class=\"pxl-item--inner\" data-wow-duration=\"1.2s\">\n                                        <div class=\"pxl-item--image hover-imge-effect2\">\n                        <div class=\"wrap-feature\">\n                            <a href=\"https:\/\/www.sunnygrowsolar.com\/fr\/helping-companies-in-their-green-transition\/\"><img decoding=\"async\" class=\"no-lazyload\" src=\"https:\/\/www.sunnygrowsolar.com\/wp-content\/uploads\/2023\/01\/post4-scaled.jpg\" width=\"0\" height=\"0\" alt=\"post4\" title=\"post4\" \/><\/a>\n                                                            <div class=\"pxl-item--date\">\n                                    <div class=\"day\">10<\/div>\n                                    <div class=\"month\">Jan<\/div>\n                                <\/div>\n                                                    <\/div>\n\n                    <\/div>\n                \n                <div class=\"entry-body\">\n                    <div class=\"pxl-item--holder\">\n                        <div class=\"wrap-meta pxl-inline-flex\">\n                                                            <div class=\"pxl-item--author\">\n                                    <a class=\"pxl-inline-flex\" href=\"https:\/\/www.sunnygrowsolar.com\/fr\/author\/736901853qq-com\/\">\n                                        <i class=\"fas fa-user\"><\/i>\n                                        par                                        <span>736901853@qq.com<\/span>\n                                    <\/a>\n                                <\/div>\n                                                                                        <div class=\"item-comment\">\n                                    <a href=\"#comments\">Comment (1) <\/a>\n                                <\/div>\n                                                    <\/div>\n\n                        <h3 class=\"pxl-item--title\">\n                            <a href=\"https:\/\/www.sunnygrowsolar.com\/fr\/helping-companies-in-their-green-transition\/\">Aider les Entreprises dans Leur Transition Verte<\/a>\n                        <\/h3>\n                    <\/div>\n                <\/div>\n            <\/div>\n        <\/div>\n                    <div class=\"pxl-grid-item col-xl-4 col-lg-4 col-md-6 col-sm-6 col-12\">\n                <div class=\"pxl-item--inner\" data-wow-duration=\"1.2s\">\n                                        <div class=\"pxl-item--image hover-imge-effect2\">\n                        <div class=\"wrap-feature\">\n                            <a href=\"https:\/\/www.sunnygrowsolar.com\/fr\/principles-of-installing-solar-panels-on-the-roof\/\"><img loading=\"lazy\" decoding=\"async\" class=\"no-lazyload\" src=\"https:\/\/www.sunnygrowsolar.com\/wp-content\/uploads\/2023\/01\/post3-scaled.jpg\" width=\"0\" height=\"0\" alt=\"post3\" title=\"post3\" \/><\/a>\n                                                            <div class=\"pxl-item--date\">\n                                    <div class=\"day\">10<\/div>\n                                    <div class=\"month\">Jan<\/div>\n                                <\/div>\n                                                    <\/div>\n\n                    <\/div>\n                \n                <div class=\"entry-body\">\n                    <div class=\"pxl-item--holder\">\n                        <div class=\"wrap-meta pxl-inline-flex\">\n                                                            <div class=\"pxl-item--author\">\n                                    <a class=\"pxl-inline-flex\" href=\"https:\/\/www.sunnygrowsolar.com\/fr\/author\/736901853qq-com\/\">\n                                        <i class=\"fas fa-user\"><\/i>\n                                        par                                        <span>736901853@qq.com<\/span>\n                                    <\/a>\n                                <\/div>\n                                                                                        <div class=\"item-comment\">\n                                    <a href=\"#comments\">Comment (1) <\/a>\n                                <\/div>\n                                                    <\/div>\n\n                        <h3 class=\"pxl-item--title\">\n                            <a href=\"https:\/\/www.sunnygrowsolar.com\/fr\/principles-of-installing-solar-panels-on-the-roof\/\">Les principes de l'Installation de Panneaux Solaires sur le Toit<\/a>\n                        <\/h3>\n                    <\/div>\n                <\/div>\n            <\/div>\n        <\/div>\n                    <div class=\"pxl-grid-item col-xl-4 col-lg-4 col-md-6 col-sm-6 col-12\">\n                <div class=\"pxl-item--inner\" data-wow-duration=\"1.2s\">\n                                        <div class=\"pxl-item--image hover-imge-effect2\">\n                        <div class=\"wrap-feature\">\n                            <a href=\"https:\/\/www.sunnygrowsolar.com\/fr\/ecology-scoping-in-the-survey-guidelines\/\"><img loading=\"lazy\" decoding=\"async\" class=\"no-lazyload\" src=\"https:\/\/www.sunnygrowsolar.com\/wp-content\/uploads\/2023\/01\/post2.jpg\" width=\"0\" height=\"0\" alt=\"post2\" title=\"post2\" \/><\/a>\n                                                            <div class=\"pxl-item--date\">\n                                    <div class=\"day\">10<\/div>\n                                    <div class=\"month\">Jan<\/div>\n                                <\/div>\n                                                    <\/div>\n\n                    <\/div>\n                \n                <div class=\"entry-body\">\n                    <div class=\"pxl-item--holder\">\n                        <div class=\"wrap-meta pxl-inline-flex\">\n                                                            <div class=\"pxl-item--author\">\n                                    <a class=\"pxl-inline-flex\" href=\"https:\/\/www.sunnygrowsolar.com\/fr\/author\/736901853qq-com\/\">\n                                        <i class=\"fas fa-user\"><\/i>\n                                        par                                        <span>736901853@qq.com<\/span>\n                                    <\/a>\n                                <\/div>\n                                                                                        <div class=\"item-comment\">\n                                    <a href=\"#comments\">Comment (1) <\/a>\n                                <\/div>\n                                                    <\/div>\n\n                        <h3 class=\"pxl-item--title\">\n                            <a href=\"https:\/\/www.sunnygrowsolar.com\/fr\/ecology-scoping-in-the-survey-guidelines\/\">L'\u00e9cologie de la Port\u00e9e dans l'Enqu\u00eate des lignes Directrices<\/a>\n                        <\/h3>\n                    <\/div>\n                <\/div>\n            <\/div>\n        <\/div>\n                    <div class=\"pxl-grid-item col-xl-4 col-lg-4 col-md-6 col-sm-6 col-12\">\n                <div class=\"pxl-item--inner\" data-wow-duration=\"1.2s\">\n                                        <div class=\"pxl-item--image hover-imge-effect2\">\n                        <div class=\"wrap-feature\">\n                            <a href=\"https:\/\/www.sunnygrowsolar.com\/fr\/the-emergence-of-new-tech-for-green-future\/\"><img loading=\"lazy\" decoding=\"async\" class=\"no-lazyload\" src=\"https:\/\/www.sunnygrowsolar.com\/wp-content\/uploads\/2023\/01\/post1.jpg\" width=\"0\" height=\"0\" alt=\"post1\" title=\"post1\" \/><\/a>\n                                                            <div class=\"pxl-item--date\">\n                                    <div class=\"day\">10<\/div>\n                                    <div class=\"month\">Jan<\/div>\n                                <\/div>\n                                                    <\/div>\n\n                    <\/div>\n                \n                <div class=\"entry-body\">\n                    <div class=\"pxl-item--holder\">\n                        <div class=\"wrap-meta pxl-inline-flex\">\n                                                            <div class=\"pxl-item--author\">\n                                    <a class=\"pxl-inline-flex\" href=\"https:\/\/www.sunnygrowsolar.com\/fr\/author\/736901853qq-com\/\">\n                                        <i class=\"fas fa-user\"><\/i>\n                                        par                                        <span>736901853@qq.com<\/span>\n                                    <\/a>\n                                <\/div>\n                                                                                        <div class=\"item-comment\">\n                                    <a href=\"#comments\">Comments (2)<\/a>\n                                <\/div>\n                                                    <\/div>\n\n                        <h3 class=\"pxl-item--title\">\n                            <a href=\"https:\/\/www.sunnygrowsolar.com\/fr\/the-emergence-of-new-tech-for-green-future\/\">L'\u00e9mergence de la nouvelle technologie pour un avenir plus vert<\/a>\n                        <\/h3>\n                    <\/div>\n                <\/div>\n            <\/div>\n        <\/div>\n                <div class=\"grid-sizer col-xl-4 col-lg-4 col-md-6 col-sm-6 col-12\"><\/div>\n    <\/div>\n        <\/div>\t\t\t\t<\/div>\n\t\t\t\t<\/div>\n\t\t            <\/div>\r\n        <\/div>\r\n        \t\t\t<\/div>\n\t\t<\/section>\n\t\t\t\t<\/div>","protected":false},"excerpt":{"rendered":"<p>10 Jan by admin No Comments Winds of Change in the Turbine Service Industry 10 Jan by admin No Comments Powering Asia Pacific\u2019s Energy Transition 10 Jan by admin No Comments Helping Companies in Their Green Transition 10 Jan by admin No Comments Principles of Installing Solar Panels on the Roof 10 Jan by admin [&hellip;]<\/p>\n","protected":false},"author":1,"featured_media":0,"parent":0,"menu_order":0,"comment_status":"closed","ping_status":"closed","template":"","meta":{"footnotes":""},"class_list":["post-25","page","type-page","status-publish","hentry"],"_links":{"self":[{"href":"https:\/\/www.sunnygrowsolar.com\/fr\/wp-json\/wp\/v2\/pages\/25","targetHints":{"allow":["GET"]}}],"collection":[{"href":"https:\/\/www.sunnygrowsolar.com\/fr\/wp-json\/wp\/v2\/pages"}],"about":[{"href":"https:\/\/www.sunnygrowsolar.com\/fr\/wp-json\/wp\/v2\/types\/page"}],"author":[{"embeddable":true,"href":"https:\/\/www.sunnygrowsolar.com\/fr\/wp-json\/wp\/v2\/users\/1"}],"replies":[{"embeddable":true,"href":"https:\/\/www.sunnygrowsolar.com\/fr\/wp-json\/wp\/v2\/comments?post=25"}],"version-history":[{"count":0,"href":"https:\/\/www.sunnygrowsolar.com\/fr\/wp-json\/wp\/v2\/pages\/25\/revisions"}],"wp:attachment":[{"href":"https:\/\/www.sunnygrowsolar.com\/fr\/wp-json\/wp\/v2\/media?parent=25"}],"curies":[{"name":"wp","href":"https:\/\/api.w.org\/{rel}","templated":true}]}}