{"id":30,"date":"2023-01-10T15:27:50","date_gmt":"2023-01-10T15:27:50","guid":{"rendered":"https:\/\/demo.bravisthemes.com\/soluris\/?page_id=30"},"modified":"2023-01-10T15:27:50","modified_gmt":"2023-01-10T15:27:50","slug":"service-grid","status":"publish","type":"page","link":"https:\/\/www.sunnygrowsolar.com\/fr\/service-grid\/","title":{"rendered":"Service Grid"},"content":{"rendered":"<div data-elementor-type=\"wp-page\" data-elementor-id=\"30\" class=\"elementor elementor-30\" data-elementor-post-type=\"page\">\n\t\t\t\t        <section class=\"elementor-section elementor-top-section elementor-element elementor-element-ca0052b elementor-section-stretched elementor-section-boxed elementor-section-height-default elementor-section-height-default pxl-type-header-none pxl-bg-color-none pxl-row-scroll-none\" data-id=\"ca0052b\" data-element_type=\"section\" data-e-type=\"section\" data-settings=\"{&quot;stretch_section&quot;:&quot;section-stretched&quot;}\">\n\n                \n                <div class=\"elementor-container elementor-column-gap-extended\">\n                <div class=\"elementor-column elementor-col-100 elementor-top-column elementor-element elementor-element-301e234 pxl_section_offset-none pxl-container-width-container-1200 pxl-col-none pxl-column-none\" data-id=\"301e234\" data-element_type=\"column\" data-e-type=\"column\">\r\n        <div class=\"elementor-widget-wrap elementor-element-populated\">\r\n                     \r\n        \t\t<div class=\"elementor-element elementor-element-e25fdc3 pxl-post-layout-service-1 elementor-widget elementor-widget-pxl_post_grid\" data-id=\"e25fdc3\" data-element_type=\"widget\" data-e-type=\"widget\" data-widget_type=\"pxl_post_grid.default\">\n\t\t\t\t<div class=\"elementor-widget-container\">\n\t\t\t\t\t\n<div id=\"pxl_post_grid-e25fdc3-5046\" class=\"pxl-grid pxl-service-grid pxl-service-grid-layout1\" data-layout=\"masonry\" data-start-page=\"1\" data-max-pages=\"1\" data-total=\"4\" data-perpage=\"6\" data-next-link=\"\">\n    \n    <div class=\"pxl-grid-inner pxl-grid-masonry row\" data-gutter=\"15\">\n        <div class=\"grid-sizer col-xl-4 col-lg-4 col-md-6 col-sm-6 col-12\"><\/div>\n                    <div class=\"pxl-grid-item col-xl-4 col-lg-4 col-md-6 col-sm-6 col-12 self-driving-camping\">\n                <div class=\"pxl-item--inner\">\n                    <div class=\"pxl-item--holder\">\n                        <a class=\"pxl-item--link\" title=\"L&#039;auto-conduite de Camping\" href=\"https:\/\/www.sunnygrowsolar.com\/fr\/service\/self-driving-camping\/\"><\/a>\n                                               <div class=\"item--icon icon-psb\"><i class=\"flaticon-lighting\"><\/i>\n                        <\/div>\n                                                                                    <span class=\"pxl-item-postion\">01 Service<\/span>\n                                        <h3 class=\"pxl-item--title\">\n                        <a href=\"https:\/\/www.sunnygrowsolar.com\/fr\/service\/self-driving-camping\/\">\n                            L'auto-conduite de Camping                        <\/a>\n                    <\/h3>\n                                            <div class=\"content-excerpt pxl-excerpt-line\" style=\"-webkit-line-clamp: 3;\">\n                            Multi-fonctionnel de Multiples Exp\u00e9riences, Profiter de la Nature                        <\/div>\n                                    <\/div>\n                <div class=\"pxl-item--image hover-imge-effect4\">\n                                            <div class=\"pxl-readmore\">\n                            <a class=\"btn btn-orange\" href=\"https:\/\/www.sunnygrowsolar.com\/fr\/service\/self-driving-camping\/\">\n                                <i class=\"fal fa-chevron-right\"><\/i>\n                                <span> Read more<\/span>\n                            <\/a>\n                        <\/div>\n                                        <div class=\"wrap-feature\">\n                        <a href=\"https:\/\/www.sunnygrowsolar.com\/fr\/service\/self-driving-camping\/\"><img decoding=\"async\" class=\"no-lazyload\" src=\"https:\/\/www.sunnygrowsolar.com\/wp-content\/uploads\/2023\/04\/win_turbin.jpg\" width=\"0\" height=\"0\" alt=\"win_turbin\" title=\"win_turbin\" \/><\/a>\n                    <\/div>\n                <\/div>\n            <\/div>\n        <\/div>\n                    <div class=\"pxl-grid-item col-xl-4 col-lg-4 col-md-6 col-sm-6 col-12 outdoor-work\">\n                <div class=\"pxl-item--inner\">\n                    <div class=\"pxl-item--holder\">\n                        <a class=\"pxl-item--link\" title=\"Le Travail \u00c0 L&#039;Ext\u00e9rieur\" href=\"https:\/\/www.sunnygrowsolar.com\/fr\/service\/outdoor-work\/\"><\/a>\n                                               <div class=\"item--icon icon-psb\"><i class=\"flaticon-wind-turbine\"><\/i>\n                        <\/div>\n                                                                                    <span class=\"pxl-item-postion\">02 Service<\/span>\n                                        <h3 class=\"pxl-item--title\">\n                        <a href=\"https:\/\/www.sunnygrowsolar.com\/fr\/service\/outdoor-work\/\">\n                            Le Travail \u00c0 L'Ext\u00e9rieur                        <\/a>\n                    <\/h3>\n                                            <div class=\"content-excerpt pxl-excerpt-line\" style=\"-webkit-line-clamp: 3;\">\n                            Haute Performance de travail de Critique, pas de compromis                        <\/div>\n                                    <\/div>\n                <div class=\"pxl-item--image hover-imge-effect4\">\n                                            <div class=\"pxl-readmore\">\n                            <a class=\"btn btn-orange\" href=\"https:\/\/www.sunnygrowsolar.com\/fr\/service\/outdoor-work\/\">\n                                <i class=\"fal fa-chevron-right\"><\/i>\n                                <span> Read more<\/span>\n                            <\/a>\n                        <\/div>\n                                        <div class=\"wrap-feature\">\n                        <a href=\"https:\/\/www.sunnygrowsolar.com\/fr\/service\/outdoor-work\/\"><img decoding=\"async\" class=\"no-lazyload\" src=\"https:\/\/www.sunnygrowsolar.com\/wp-content\/uploads\/2023\/01\/po2.jpg\" width=\"0\" height=\"0\" alt=\"po2\" title=\"po2\" \/><\/a>\n                    <\/div>\n                <\/div>\n            <\/div>\n        <\/div>\n                    <div class=\"pxl-grid-item col-xl-4 col-lg-4 col-md-6 col-sm-6 col-12 aerial-photography\">\n                <div class=\"pxl-item--inner\">\n                    <div class=\"pxl-item--holder\">\n                        <a class=\"pxl-item--link\" title=\"La Photographie A\u00e9rienne\" href=\"https:\/\/www.sunnygrowsolar.com\/fr\/service\/aerial-photography\/\"><\/a>\n                                               <div class=\"item--icon icon-psb\"><i class=\"flaticon-maintenance\"><\/i>\n                        <\/div>\n                                                                                    <span class=\"pxl-item-postion\">03 Service<\/span>\n                                        <h3 class=\"pxl-item--title\">\n                        <a href=\"https:\/\/www.sunnygrowsolar.com\/fr\/service\/aerial-photography\/\">\n                            La Photographie A\u00e9rienne                        <\/a>\n                    <\/h3>\n                                            <div class=\"content-excerpt pxl-excerpt-line\" style=\"-webkit-line-clamp: 3;\">\n                            Ultra-Rapide De Charge De Base Puissant, De Belles Sc\u00e8nes Pr\u00e9sent\u00e9                        <\/div>\n                                    <\/div>\n                <div class=\"pxl-item--image hover-imge-effect4\">\n                                            <div class=\"pxl-readmore\">\n                            <a class=\"btn btn-orange\" href=\"https:\/\/www.sunnygrowsolar.com\/fr\/service\/aerial-photography\/\">\n                                <i class=\"fal fa-chevron-right\"><\/i>\n                                <span> Read more<\/span>\n                            <\/a>\n                        <\/div>\n                                        <div class=\"wrap-feature\">\n                        <a href=\"https:\/\/www.sunnygrowsolar.com\/fr\/service\/aerial-photography\/\"><img decoding=\"async\" class=\"no-lazyload\" src=\"https:\/\/www.sunnygrowsolar.com\/wp-content\/uploads\/2023\/04\/Wind-Generators.jpg\" width=\"0\" height=\"0\" alt=\"Wind Generators\" title=\"Les \u00c9oliennes\" \/><\/a>\n                    <\/div>\n                <\/div>\n            <\/div>\n        <\/div>\n                    <div class=\"pxl-grid-item col-xl-4 col-lg-4 col-md-6 col-sm-6 col-12 backup-powersupply\">\n                <div class=\"pxl-item--inner\">\n                    <div class=\"pxl-item--holder\">\n                        <a class=\"pxl-item--link\" title=\"Sauvegarde PowerSupply\" href=\"https:\/\/www.sunnygrowsolar.com\/fr\/service\/backup-powersupply\/\"><\/a>\n                                               <div class=\"item--icon icon-psb\"><i class=\"flaticon-solar-panels-1\"><\/i>\n                        <\/div>\n                                                                                    <span class=\"pxl-item-postion\">04 Service<\/span>\n                                        <h3 class=\"pxl-item--title\">\n                        <a href=\"https:\/\/www.sunnygrowsolar.com\/fr\/service\/backup-powersupply\/\">\n                            Sauvegarde PowerSupply                        <\/a>\n                    <\/h3>\n                                            <div class=\"content-excerpt pxl-excerpt-line\" style=\"-webkit-line-clamp: 3;\">\n                            Grande Capacit\u00e9 D'Alimentation \u00c9lectrique D'Urgence, La Peur Ne L'Obscurit\u00e9                        <\/div>\n                                    <\/div>\n                <div class=\"pxl-item--image hover-imge-effect4\">\n                                            <div class=\"pxl-readmore\">\n                            <a class=\"btn btn-orange\" href=\"https:\/\/www.sunnygrowsolar.com\/fr\/service\/backup-powersupply\/\">\n                                <i class=\"fal fa-chevron-right\"><\/i>\n                                <span> Read more<\/span>\n                            <\/a>\n                        <\/div>\n                                        <div class=\"wrap-feature\">\n                        <a href=\"https:\/\/www.sunnygrowsolar.com\/fr\/service\/backup-powersupply\/\"><img loading=\"lazy\" decoding=\"async\" class=\"no-lazyload\" src=\"https:\/\/www.sunnygrowsolar.com\/wp-content\/uploads\/2023\/04\/Solar-PV-Systems.jpg\" width=\"0\" height=\"0\" alt=\"Solar PV Systems\" title=\"Syst\u00e8mes solaires PHOTOVOLTA\u00cfQUES\" \/><\/a>\n                    <\/div>\n                <\/div>\n            <\/div>\n        <\/div>\n            <\/div>\n        <\/div>\t\t\t\t<\/div>\n\t\t\t\t<\/div>\n\t\t            <\/div>\r\n        <\/div>\r\n        \t\t\t<\/div>\n\t\t<\/section>\n\t\t\t\t<\/div>","protected":false},"excerpt":{"rendered":"<p>01 Service Wind Turbines Hybrid energy refers to the use of multiple sources of energy to meet our energy needs. Read more 02 Service Panel Maintenance Wind turbines are devices that convert wind energy into electrical power. Read more 03 Service Wind Generators Wind generators are devices that harness the power of wind to generate [&hellip;]<\/p>\n","protected":false},"author":1,"featured_media":0,"parent":0,"menu_order":0,"comment_status":"closed","ping_status":"closed","template":"","meta":{"footnotes":""},"class_list":["post-30","page","type-page","status-publish","hentry"],"_links":{"self":[{"href":"https:\/\/www.sunnygrowsolar.com\/fr\/wp-json\/wp\/v2\/pages\/30","targetHints":{"allow":["GET"]}}],"collection":[{"href":"https:\/\/www.sunnygrowsolar.com\/fr\/wp-json\/wp\/v2\/pages"}],"about":[{"href":"https:\/\/www.sunnygrowsolar.com\/fr\/wp-json\/wp\/v2\/types\/page"}],"author":[{"embeddable":true,"href":"https:\/\/www.sunnygrowsolar.com\/fr\/wp-json\/wp\/v2\/users\/1"}],"replies":[{"embeddable":true,"href":"https:\/\/www.sunnygrowsolar.com\/fr\/wp-json\/wp\/v2\/comments?post=30"}],"version-history":[{"count":0,"href":"https:\/\/www.sunnygrowsolar.com\/fr\/wp-json\/wp\/v2\/pages\/30\/revisions"}],"wp:attachment":[{"href":"https:\/\/www.sunnygrowsolar.com\/fr\/wp-json\/wp\/v2\/media?parent=30"}],"curies":[{"name":"wp","href":"https:\/\/api.w.org\/{rel}","templated":true}]}}